{"id":134,"date":"2017-12-12T03:21:57","date_gmt":"2017-12-12T00:21:57","guid":{"rendered":"https:\/\/apkci.com.tr\/index.php\/iletisim\/"},"modified":"2017-12-12T03:21:57","modified_gmt":"2017-12-12T00:21:57","slug":"iletisim","status":"publish","type":"page","link":"https:\/\/apkci.com.tr\/index.php\/iletisim\/","title":{"rendered":"\u0130leti\u015fim"},"content":{"rendered":"<div class=\\\"iletisimContent\\\">\n<p><img class=\\\"alignnone size-full wp-image-391\\\" src=\\\"https:\/\/apkci.com.tr\/wp-content\/uploads\/2017\/12\/favicon-1.pngwp-content\/uploads\/2017\/12\/iletisim-ucankus.png\\\" alt=\\\"\\\" width=\\\"303\\\" height=\\\"203\\\" \/><\/p>\n<hr \/>\n<p>\u0130leti\u015fim formunu doldurarak bizimle ileti\u015fim kurabilirsiniz. Sitemiz i\u00e7erisindeki i\u00e7erikler hakk\u0131nda bilgi almak yada bildirimde bulunmak i\u00e7in veya reklam politikam\u0131z hakk\u0131nda bilgi almak i\u00e7in bizimle ileti\u015fime ge\u00e7ebilirsiniz<\/p>\n<\/div>\n<p class=\"wpcf7-contact-form-not-found\"><strong>Hata:<\/strong> \u0130leti\u015fim formu bulunamad\u0131.<\/p>\n","protected":false},"excerpt":{"rendered":"<p>\u0130leti\u015fim formunu doldurarak bizimle ileti\u015fim kurabilirsiniz. Sitemiz i\u00e7erisindeki i\u00e7erikler hakk\u0131nda bilgi almak yada bildirimde bulunmak i\u00e7in veya reklam politikam\u0131z hakk\u0131nda bilgi [&hellip;]<\/p>\n","protected":false},"author":1,"featured_media":0,"parent":0,"menu_order":0,"comment_status":"closed","ping_status":"closed","template":"page-iletisim.php","meta":{"footnotes":""},"class_list":["post-134","page","type-page","status-publish","hentry"],"_links":{"self":[{"href":"https:\/\/apkci.com.tr\/index.php\/wp-json\/wp\/v2\/pages\/134","targetHints":{"allow":["GET"]}}],"collection":[{"href":"https:\/\/apkci.com.tr\/index.php\/wp-json\/wp\/v2\/pages"}],"about":[{"href":"https:\/\/apkci.com.tr\/index.php\/wp-json\/wp\/v2\/types\/page"}],"author":[{"embeddable":true,"href":"https:\/\/apkci.com.tr\/index.php\/wp-json\/wp\/v2\/users\/1"}],"replies":[{"embeddable":true,"href":"https:\/\/apkci.com.tr\/index.php\/wp-json\/wp\/v2\/comments?post=134"}],"version-history":[{"count":0,"href":"https:\/\/apkci.com.tr\/index.php\/wp-json\/wp\/v2\/pages\/134\/revisions"}],"wp:attachment":[{"href":"https:\/\/apkci.com.tr\/index.php\/wp-json\/wp\/v2\/media?parent=134"}],"curies":[{"name":"wp","href":"https:\/\/api.w.org\/{rel}","templated":true}]}}